{"id":126,"date":"2025-06-12T14:46:38","date_gmt":"2025-06-12T07:46:38","guid":{"rendered":"https:\/\/demo-viet-futures.deltalabsjsc.com\/?page_id=126"},"modified":"2025-06-19T09:47:01","modified_gmt":"2025-06-19T02:47:01","slug":"contact","status":"publish","type":"page","link":"https:\/\/demo-viet-futures.deltalabsjsc.com\/en\/contact\/","title":{"rendered":"Contact"},"content":{"rendered":"<div data-elementor-type=\"wp-page\" data-elementor-id=\"126\" class=\"elementor elementor-126\" data-elementor-post-type=\"page\">\n\t\t\t\t<div class=\"elementor-element elementor-element-98bc24d e-flex e-con-boxed e-con e-parent\" data-id=\"98bc24d\" data-element_type=\"container\" data-settings=\"{&quot;background_background&quot;:&quot;classic&quot;}\">\n\t\t\t\t\t<div class=\"e-con-inner\">\n\t\t\t\t<div class=\"elementor-element elementor-element-7424e55 elementor-widget elementor-widget-heading\" data-id=\"7424e55\" data-element_type=\"widget\" data-widget_type=\"heading.default\">\n\t\t\t\t<div class=\"elementor-widget-container\">\n\t\t\t\t\t<h2 class=\"elementor-heading-title elementor-size-default\">Contact<\/h2>\t\t\t\t<\/div>\n\t\t\t\t<\/div>\n\t\t\t\t<div class=\"elementor-element elementor-element-50f75b7 elementor-widget elementor-widget-breadcrumbs\" data-id=\"50f75b7\" data-element_type=\"widget\" data-widget_type=\"breadcrumbs.default\">\n\t\t\t\t<div class=\"elementor-widget-container\">\n\t\t\t\t\t<nav id=\"breadcrumbs\"><span><span><a href=\"https:\/\/demo-viet-futures.deltalabsjsc.com\/en\">Home<\/a><\/span><\/span><\/nav>\t\t\t\t<\/div>\n\t\t\t\t<\/div>\n\t\t\t\t\t<\/div>\n\t\t\t\t<\/div>\n\t\t<div class=\"elementor-element elementor-element-5e6f62f e-flex e-con-boxed e-con e-parent\" data-id=\"5e6f62f\" data-element_type=\"container\">\n\t\t\t\t\t<div class=\"e-con-inner\">\n\t\t<div class=\"elementor-element elementor-element-8a55c50 e-con-full e-flex e-con e-child\" data-id=\"8a55c50\" data-element_type=\"container\">\n\t\t\t\t<div class=\"elementor-element elementor-element-646269a elementor-widget elementor-widget-heading\" data-id=\"646269a\" data-element_type=\"widget\" data-widget_type=\"heading.default\">\n\t\t\t\t<div class=\"elementor-widget-container\">\n\t\t\t\t\t<h2 class=\"elementor-heading-title elementor-size-default\"><p class=\"translation-block\">Please <span style='color: #5385d4'>Contact<\/span> Us<\/p>\n<\/h2>\t\t\t\t<\/div>\n\t\t\t\t<\/div>\n\t\t\t\t<div class=\"elementor-element elementor-element-429c3d8 elementor-widget elementor-widget-shortcode\" data-id=\"429c3d8\" data-element_type=\"widget\" data-widget_type=\"shortcode.default\">\n\t\t\t\t<div class=\"elementor-widget-container\">\n\t\t\t\t\t\t\t<div class=\"elementor-shortcode\">\t\t<div data-elementor-type=\"container\" data-elementor-id=\"1528\" class=\"elementor elementor-1528\" data-elementor-post-type=\"elementor_library\">\n\t\t\t\t<div class=\"elementor-element elementor-element-a5fac0e e-flex e-con-boxed e-con e-parent\" data-id=\"a5fac0e\" data-element_type=\"container\">\n\t\t\t\t\t<div class=\"e-con-inner\">\n\t\t\t\t<div class=\"elementor-element elementor-element-2dbc8c1 e-grid-align-left elementor-shape-circle e-grid-align-tablet-center elementor-grid-0 elementor-widget elementor-widget-social-icons\" data-id=\"2dbc8c1\" data-element_type=\"widget\" data-widget_type=\"social-icons.default\">\n\t\t\t\t<div class=\"elementor-widget-container\">\n\t\t\t\t\t\t\t<div class=\"elementor-social-icons-wrapper elementor-grid\" role=\"list\">\n\t\t\t\t\t\t\t<span class=\"elementor-grid-item\" role=\"listitem\">\n\t\t\t\t\t<a class=\"elementor-icon elementor-social-icon elementor-social-icon-facebook-f elementor-repeater-item-4bea368\" href=\"#\" target=\"_blank\">\n\t\t\t\t\t\t<span class=\"elementor-screen-only\">Facebook-f<\/span>\n\t\t\t\t\t\t<svg class=\"e-font-icon-svg e-fab-facebook-f\" viewbox=\"0 0 320 512\" xmlns=\"http:\/\/www.w3.org\/2000\/svg\"><path d=\"M279.14 288l14.22-92.66h-88.91v-60.13c0-25.35 12.42-50.06 52.24-50.06h40.42V6.26S260.43 0 225.36 0c-73.22 0-121.08 44.38-121.08 124.72v70.62H22.89V288h81.39v224h100.17V288z\"><\/path><\/svg>\t\t\t\t\t<\/a>\n\t\t\t\t<\/span>\n\t\t\t\t\t\t\t<span class=\"elementor-grid-item\" role=\"listitem\">\n\t\t\t\t\t<a class=\"elementor-icon elementor-social-icon elementor-social-icon-instagram elementor-repeater-item-46ab807\" href=\"#\" target=\"_blank\">\n\t\t\t\t\t\t<span class=\"elementor-screen-only\">Instagram<\/span>\n\t\t\t\t\t\t<svg class=\"e-font-icon-svg e-fab-instagram\" viewbox=\"0 0 448 512\" xmlns=\"http:\/\/www.w3.org\/2000\/svg\"><path d=\"M224.1 141c-63.6 0-114.9 51.3-114.9 114.9s51.3 114.9 114.9 114.9S339 319.5 339 255.9 287.7 141 224.1 141zm0 189.6c-41.1 0-74.7-33.5-74.7-74.7s33.5-74.7 74.7-74.7 74.7 33.5 74.7 74.7-33.6 74.7-74.7 74.7zm146.4-194.3c0 14.9-12 26.8-26.8 26.8-14.9 0-26.8-12-26.8-26.8s12-26.8 26.8-26.8 26.8 12 26.8 26.8zm76.1 27.2c-1.7-35.9-9.9-67.7-36.2-93.9-26.2-26.2-58-34.4-93.9-36.2-37-2.1-147.9-2.1-184.9 0-35.8 1.7-67.6 9.9-93.9 36.1s-34.4 58-36.2 93.9c-2.1 37-2.1 147.9 0 184.9 1.7 35.9 9.9 67.7 36.2 93.9s58 34.4 93.9 36.2c37 2.1 147.9 2.1 184.9 0 35.9-1.7 67.7-9.9 93.9-36.2 26.2-26.2 34.4-58 36.2-93.9 2.1-37 2.1-147.8 0-184.8zM398.8 388c-7.8 19.6-22.9 34.7-42.6 42.6-29.5 11.7-99.5 9-132.1 9s-102.7 2.6-132.1-9c-19.6-7.8-34.7-22.9-42.6-42.6-11.7-29.5-9-99.5-9-132.1s-2.6-102.7 9-132.1c7.8-19.6 22.9-34.7 42.6-42.6 29.5-11.7 99.5-9 132.1-9s102.7-2.6 132.1 9c19.6 7.8 34.7 22.9 42.6 42.6 11.7 29.5 9 99.5 9 132.1s2.7 102.7-9 132.1z\"><\/path><\/svg>\t\t\t\t\t<\/a>\n\t\t\t\t<\/span>\n\t\t\t\t\t\t\t<span class=\"elementor-grid-item\" role=\"listitem\">\n\t\t\t\t\t<a class=\"elementor-icon elementor-social-icon elementor-social-icon-x-twitter elementor-repeater-item-3034ade\" href=\"#\" target=\"_blank\">\n\t\t\t\t\t\t<span class=\"elementor-screen-only\">X-twitter<\/span>\n\t\t\t\t\t\t<svg class=\"e-font-icon-svg e-fab-x-twitter\" viewbox=\"0 0 512 512\" xmlns=\"http:\/\/www.w3.org\/2000\/svg\"><path d=\"M389.2 48h70.6L305.6 224.2 487 464H345L233.7 318.6 106.5 464H35.8L200.7 275.5 26.8 48H172.4L272.9 180.9 389.2 48zM364.4 421.8h39.1L151.1 88h-42L364.4 421.8z\"><\/path><\/svg>\t\t\t\t\t<\/a>\n\t\t\t\t<\/span>\n\t\t\t\t\t<\/div>\n\t\t\t\t\t\t<\/div>\n\t\t\t\t<\/div>\n\t\t\t\t\t<\/div>\n\t\t\t\t<\/div>\n\t\t\t\t<\/div>\n\t\t<\/div>\n\t\t\t\t\t\t<\/div>\n\t\t\t\t<\/div>\n\t\t\t\t<div class=\"elementor-element elementor-element-bde0750 ct__icon--circle elementor-icon-list--layout-traditional elementor-list-item-link-full_width elementor-widget elementor-widget-icon-list\" data-id=\"bde0750\" data-element_type=\"widget\" data-widget_type=\"icon-list.default\">\n\t\t\t\t<div class=\"elementor-widget-container\">\n\t\t\t\t\t\t\t<ul class=\"elementor-icon-list-items\">\n\t\t\t\t\t\t\t<li class=\"elementor-icon-list-item\">\n\t\t\t\t\t\t\t\t\t\t\t<span class=\"elementor-icon-list-icon\">\n\t\t\t\t\t\t\t<svg aria-hidden=\"true\" class=\"e-font-icon-svg e-fas-phone-alt\" viewbox=\"0 0 512 512\" xmlns=\"http:\/\/www.w3.org\/2000\/svg\"><path d=\"M497.39 361.8l-112-48a24 24 0 0 0-28 6.9l-49.6 60.6A370.66 370.66 0 0 1 130.6 204.11l60.6-49.6a23.94 23.94 0 0 0 6.9-28l-48-112A24.16 24.16 0 0 0 122.6.61l-104 24A24 24 0 0 0 0 48c0 256.5 207.9 464 464 464a24 24 0 0 0 23.4-18.6l24-104a24.29 24.29 0 0 0-14.01-27.6z\"><\/path><\/svg>\t\t\t\t\t\t<\/span>\n\t\t\t\t\t\t\t\t\t\t<span class=\"elementor-icon-list-text\">(+84) 989 253 650<\/span>\n\t\t\t\t\t\t\t\t\t<\/li>\n\t\t\t\t\t\t\t\t<li class=\"elementor-icon-list-item\">\n\t\t\t\t\t\t\t\t\t\t\t<span class=\"elementor-icon-list-icon\">\n\t\t\t\t\t\t\t<svg aria-hidden=\"true\" class=\"e-font-icon-svg e-fas-envelope\" viewbox=\"0 0 512 512\" xmlns=\"http:\/\/www.w3.org\/2000\/svg\"><path d=\"M502.3 190.8c3.9-3.1 9.7-.2 9.7 4.7V400c0 26.5-21.5 48-48 48H48c-26.5 0-48-21.5-48-48V195.6c0-5 5.7-7.8 9.7-4.7 22.4 17.4 52.1 39.5 154.1 113.6 21.1 15.4 56.7 47.8 92.2 47.6 35.7.3 72-32.8 92.3-47.6 102-74.1 131.6-96.3 154-113.7zM256 320c23.2.4 56.6-29.2 73.4-41.4 132.7-96.3 142.8-104.7 173.4-128.7 5.8-4.5 9.2-11.5 9.2-18.9v-19c0-26.5-21.5-48-48-48H48C21.5 64 0 85.5 0 112v19c0 7.4 3.4 14.3 9.2 18.9 30.6 23.9 40.7 32.4 173.4 128.7 16.8 12.2 50.2 41.8 73.4 41.4z\"><\/path><\/svg>\t\t\t\t\t\t<\/span>\n\t\t\t\t\t\t\t\t\t\t<span class=\"elementor-icon-list-text\">info@viet-futures.com<\/span>\n\t\t\t\t\t\t\t\t\t<\/li>\n\t\t\t\t\t\t\t\t<li class=\"elementor-icon-list-item\">\n\t\t\t\t\t\t\t\t\t\t\t<span class=\"elementor-icon-list-icon\">\n\t\t\t\t\t\t\t<svg aria-hidden=\"true\" class=\"e-font-icon-svg e-fas-map-marker-alt\" viewbox=\"0 0 384 512\" xmlns=\"http:\/\/www.w3.org\/2000\/svg\"><path d=\"M172.268 501.67C26.97 291.031 0 269.413 0 192 0 85.961 85.961 0 192 0s192 85.961 192 192c0 77.413-26.97 99.031-172.268 309.67-9.535 13.774-29.93 13.773-39.464 0zM192 272c44.183 0 80-35.817 80-80s-35.817-80-80-80-80 35.817-80 80 35.817 80 80 80z\"><\/path><\/svg>\t\t\t\t\t\t<\/span>\n\t\t\t\t\t\t\t\t\t\t<span class=\"elementor-icon-list-text\">1886-1888, Vo Van Kiet, An Lac Ward, Binh Tan District, Ho Chi Minh City, Vietnam.<\/span>\n\t\t\t\t\t\t\t\t\t<\/li>\n\t\t\t\t\t\t<\/ul>\n\t\t\t\t\t\t<\/div>\n\t\t\t\t<\/div>\n\t\t\t\t<\/div>\n\t\t<div class=\"elementor-element elementor-element-ba04f0d e-con-full e-flex e-con e-child\" data-id=\"ba04f0d\" data-element_type=\"container\">\n\t\t\t\t<div class=\"elementor-element elementor-element-495e4ac elementor-button-align-stretch elementor-widget elementor-widget-form\" data-id=\"495e4ac\" data-element_type=\"widget\" data-settings=\"{&quot;step_next_label&quot;:&quot;Next&quot;,&quot;step_previous_label&quot;:&quot;Previous&quot;,&quot;button_width&quot;:&quot;100&quot;,&quot;step_type&quot;:&quot;number_text&quot;,&quot;step_icon_shape&quot;:&quot;circle&quot;}\" data-widget_type=\"form.default\">\n\t\t\t\t<div class=\"elementor-widget-container\">\n\t\t\t\t\t\t\t<form class=\"elementor-form\" method=\"post\" name=\"Form li\u00ean h\u1ec7 web viet-futures.com\" action=\"\">\n\t\t\t<input type=\"hidden\" name=\"post_id\" value=\"126\"\/>\n\t\t\t<input type=\"hidden\" name=\"form_id\" value=\"495e4ac\"\/>\n\t\t\t<input type=\"hidden\" name=\"referer_title\" value=\"Viet Futures\" \/>\n\n\t\t\t\n\t\t\t<div class=\"elementor-form-fields-wrapper elementor-labels-above\">\n\t\t\t\t\t\t\t\t<div class=\"elementor-field-type-text elementor-field-group elementor-column elementor-field-group-name elementor-col-100 elementor-field-required\">\n\t\t\t\t\t\t\t\t\t\t\t\t<label for=\"form-field-name\" class=\"elementor-field-label\">\n\t\t\t\t\t\t\t\tFull name\t\t\t\t\t\t\t<\/label>\n\t\t\t\t\t\t\t\t\t\t\t\t\t\t<input size=\"1\" type=\"text\" name=\"form_fields[name]\" id=\"form-field-name\" class=\"elementor-field elementor-size-sm  elementor-field-textual\" placeholder=\"Nguyen Van A\" required=\"required\">\n\t\t\t\t\t\t\t\t\t\t\t<\/div>\n\t\t\t\t\t\t\t\t<div class=\"elementor-field-type-email elementor-field-group elementor-column elementor-field-group-email elementor-col-100 elementor-field-required\">\n\t\t\t\t\t\t\t\t\t\t\t\t<label for=\"form-field-email\" class=\"elementor-field-label\">\n\t\t\t\t\t\t\t\tEmail\t\t\t\t\t\t\t<\/label>\n\t\t\t\t\t\t\t\t\t\t\t\t\t\t<input size=\"1\" type=\"email\" name=\"form_fields[email]\" id=\"form-field-email\" class=\"elementor-field elementor-size-sm  elementor-field-textual\" placeholder=\"Email\" required=\"required\">\n\t\t\t\t\t\t\t\t\t\t\t<\/div>\n\t\t\t\t\t\t\t\t<div class=\"elementor-field-type-textarea elementor-field-group elementor-column elementor-field-group-field_2b25af4 elementor-col-100 elementor-field-required\">\n\t\t\t\t\t\t\t\t\t\t\t\t<label for=\"form-field-field_2b25af4\" class=\"elementor-field-label\">\n\t\t\t\t\t\t\t\tYour question\t\t\t\t\t\t\t<\/label>\n\t\t\t\t\t\t<textarea class=\"elementor-field-textual elementor-field  elementor-size-sm\" name=\"form_fields[field_2b25af4]\" id=\"form-field-field_2b25af4\" rows=\"4\" placeholder=\"Content\" required=\"required\"><\/textarea>\t\t\t\t<\/div>\n\t\t\t\t\t\t\t\t<div class=\"elementor-field-group elementor-column elementor-field-type-submit elementor-col-100 e-form__buttons\">\n\t\t\t\t\t<button class=\"elementor-button elementor-size-sm\" type=\"submit\">\n\t\t\t\t\t\t<span class=\"elementor-button-content-wrapper\">\n\t\t\t\t\t\t\t\t\t\t\t\t\t\t\t<span class=\"elementor-button-icon\">\n\t\t\t\t\t\t\t\t\t<svg aria-hidden=\"true\" class=\"e-font-icon-svg e-fas-paper-plane\" viewbox=\"0 0 512 512\" xmlns=\"http:\/\/www.w3.org\/2000\/svg\"><path d=\"M476 3.2L12.5 270.6c-18.1 10.4-15.8 35.6 2.2 43.2L121 358.4l287.3-253.2c5.5-4.9 13.3 2.6 8.6 8.3L176 407v80.5c0 23.6 28.5 32.9 42.5 15.8L282 426l124.6 52.2c14.2 6 30.4-2.9 33-18.2l72-432C515 7.8 493.3-6.8 476 3.2z\"><\/path><\/svg>\t\t\t\t\t\t\t\t\t\t\t\t\t\t\t\t\t<\/span>\n\t\t\t\t\t\t\t\t\t\t\t\t\t\t\t\t\t\t\t\t\t\t<span class=\"elementor-button-text\">Contact<\/span>\n\t\t\t\t\t\t\t\t\t\t\t\t\t<\/span>\n\t\t\t\t\t<\/button>\n\t\t\t\t<\/div>\n\t\t\t<\/div>\n\t\t<input type=\"hidden\" name=\"trp-form-language\" value=\"en\"\/><\/form>\n\t\t\t\t\t\t<\/div>\n\t\t\t\t<\/div>\n\t\t\t\t<\/div>\n\t\t\t\t\t<\/div>\n\t\t\t\t<\/div>\n\t\t\t\t<\/div>","protected":false},"excerpt":{"rendered":"","protected":false},"author":2,"featured_media":192,"parent":0,"menu_order":0,"comment_status":"closed","ping_status":"closed","template":"","meta":{"_acf_changed":false,"footnotes":""},"class_list":["post-126","page","type-page","status-publish","has-post-thumbnail","hentry"],"acf":[],"yoast_head":"<!-- This site is optimized with the Yoast SEO plugin v25.3.1 - https:\/\/yoast.com\/wordpress\/plugins\/seo\/ -->\n<title>VietFutures | \u0110\u1ea7u T\u01b0 An To\u00e0n, L\u1ee3i Nhu\u1eadn B\u1ec1n V\u1eefng<\/title>\n<meta name=\"description\" content=\"VietFutures cung c\u1ea5p d\u1ecbch v\u1ee5 giao d\u1ecbch h\u00e0ng h\u00f3a, \u0111\u00e0o t\u1ea1o t\u00e0i ch\u00ednh, t\u01b0 v\u1ea5n \u0111\u1ea7u t\u01b0 v\u00e0 Co-Funding. \u0110\u0103ng k\u00fd t\u00e0i kho\u1ea3n demo ho\u1eb7c m\u1edf t\u00e0i kho\u1ea3n th\u1eadt \u0111\u1ec3 \u0111\u1ea7u t\u01b0 ngay h\u00f4m nay!\" \/>\n<meta name=\"robots\" content=\"noindex, follow, max-snippet:-1, max-image-preview:large, max-video-preview:-1\" \/>\n<meta property=\"og:locale\" content=\"en_US\" \/>\n<meta property=\"og:type\" content=\"article\" \/>\n<meta property=\"og:title\" content=\"VietFutures | \u0110\u1ea7u T\u01b0 An To\u00e0n, L\u1ee3i Nhu\u1eadn B\u1ec1n V\u1eefng\" \/>\n<meta property=\"og:description\" content=\"VietFutures cung c\u1ea5p d\u1ecbch v\u1ee5 giao d\u1ecbch h\u00e0ng h\u00f3a, \u0111\u00e0o t\u1ea1o t\u00e0i ch\u00ednh, t\u01b0 v\u1ea5n \u0111\u1ea7u t\u01b0 v\u00e0 Co-Funding. \u0110\u0103ng k\u00fd t\u00e0i kho\u1ea3n demo ho\u1eb7c m\u1edf t\u00e0i kho\u1ea3n th\u1eadt \u0111\u1ec3 \u0111\u1ea7u t\u01b0 ngay h\u00f4m nay!\" \/>\n<meta property=\"og:url\" content=\"https:\/\/demo-viet-futures.deltalabsjsc.com\/en\/contact\/\" \/>\n<meta property=\"og:site_name\" content=\"Viet Futures\" \/>\n<meta property=\"article:modified_time\" content=\"2025-06-19T02:47:01+00:00\" \/>\n<meta property=\"og:image\" content=\"https:\/\/demo-viet-futures.deltalabsjsc.com\/wp-content\/uploads\/2025\/06\/preview-0fwh33.png\" \/>\n\t<meta property=\"og:image:width\" content=\"1200\" \/>\n\t<meta property=\"og:image:height\" content=\"600\" \/>\n\t<meta property=\"og:image:type\" content=\"image\/png\" \/>\n<meta name=\"twitter:card\" content=\"summary_large_image\" \/>\n<meta name=\"twitter:label1\" content=\"Est. reading time\" \/>\n\t<meta name=\"twitter:data1\" content=\"1 minute\" \/>\n<script type=\"application\/ld+json\" class=\"yoast-schema-graph\">{\"@context\":\"https:\/\/schema.org\",\"@graph\":[{\"@type\":\"WebPage\",\"@id\":\"https:\/\/demo-viet-futures.deltalabsjsc.com\/lien-he\/\",\"url\":\"https:\/\/demo-viet-futures.deltalabsjsc.com\/lien-he\/\",\"name\":\"VietFutures | \u0110\u1ea7u T\u01b0 An To\u00e0n, L\u1ee3i Nhu\u1eadn B\u1ec1n V\u1eefng\",\"isPartOf\":{\"@id\":\"https:\/\/demo-viet-futures.deltalabsjsc.com\/#website\"},\"primaryImageOfPage\":{\"@id\":\"https:\/\/demo-viet-futures.deltalabsjsc.com\/lien-he\/#primaryimage\"},\"image\":{\"@id\":\"https:\/\/demo-viet-futures.deltalabsjsc.com\/lien-he\/#primaryimage\"},\"thumbnailUrl\":\"https:\/\/demo-viet-futures.deltalabsjsc.com\/wp-content\/uploads\/2025\/06\/preview-0fwh33.png\",\"datePublished\":\"2025-06-12T07:46:38+00:00\",\"dateModified\":\"2025-06-19T02:47:01+00:00\",\"description\":\"VietFutures cung c\u1ea5p d\u1ecbch v\u1ee5 giao d\u1ecbch h\u00e0ng h\u00f3a, \u0111\u00e0o t\u1ea1o t\u00e0i ch\u00ednh, t\u01b0 v\u1ea5n \u0111\u1ea7u t\u01b0 v\u00e0 Co-Funding. \u0110\u0103ng k\u00fd t\u00e0i kho\u1ea3n demo ho\u1eb7c m\u1edf t\u00e0i kho\u1ea3n th\u1eadt \u0111\u1ec3 \u0111\u1ea7u t\u01b0 ngay h\u00f4m nay!\",\"breadcrumb\":{\"@id\":\"https:\/\/demo-viet-futures.deltalabsjsc.com\/lien-he\/#breadcrumb\"},\"inLanguage\":\"en-US\",\"potentialAction\":[{\"@type\":\"ReadAction\",\"target\":[\"https:\/\/demo-viet-futures.deltalabsjsc.com\/lien-he\/\"]}]},{\"@type\":\"ImageObject\",\"inLanguage\":\"en-US\",\"@id\":\"https:\/\/demo-viet-futures.deltalabsjsc.com\/lien-he\/#primaryimage\",\"url\":\"https:\/\/demo-viet-futures.deltalabsjsc.com\/wp-content\/uploads\/2025\/06\/preview-0fwh33.png\",\"contentUrl\":\"https:\/\/demo-viet-futures.deltalabsjsc.com\/wp-content\/uploads\/2025\/06\/preview-0fwh33.png\",\"width\":1200,\"height\":600},{\"@type\":\"BreadcrumbList\",\"@id\":\"https:\/\/demo-viet-futures.deltalabsjsc.com\/lien-he\/#breadcrumb\",\"itemListElement\":[{\"@type\":\"ListItem\",\"position\":1,\"name\":\"Trang ch\u1ee7\",\"item\":\"https:\/\/demo-viet-futures.deltalabsjsc.com\/\"},{\"@type\":\"ListItem\",\"position\":2,\"name\":\"Li\u00ean H\u1ec7\"}]},{\"@type\":\"WebSite\",\"@id\":\"https:\/\/demo-viet-futures.deltalabsjsc.com\/#website\",\"url\":\"https:\/\/demo-viet-futures.deltalabsjsc.com\/\",\"name\":\"Viet Futures\",\"description\":\"\",\"publisher\":{\"@id\":\"https:\/\/demo-viet-futures.deltalabsjsc.com\/#organization\"},\"potentialAction\":[{\"@type\":\"SearchAction\",\"target\":{\"@type\":\"EntryPoint\",\"urlTemplate\":\"https:\/\/demo-viet-futures.deltalabsjsc.com\/?s={search_term_string}\"},\"query-input\":{\"@type\":\"PropertyValueSpecification\",\"valueRequired\":true,\"valueName\":\"search_term_string\"}}],\"inLanguage\":\"en-US\"},{\"@type\":\"Organization\",\"@id\":\"https:\/\/demo-viet-futures.deltalabsjsc.com\/#organization\",\"name\":\"Viet Futures\",\"url\":\"https:\/\/demo-viet-futures.deltalabsjsc.com\/\",\"logo\":{\"@type\":\"ImageObject\",\"inLanguage\":\"en-US\",\"@id\":\"https:\/\/demo-viet-futures.deltalabsjsc.com\/#\/schema\/logo\/image\/\",\"url\":\"https:\/\/demo-viet-futures.deltalabsjsc.com\/wp-content\/uploads\/2025\/06\/logo-lappdv.png\",\"contentUrl\":\"https:\/\/demo-viet-futures.deltalabsjsc.com\/wp-content\/uploads\/2025\/06\/logo-lappdv.png\",\"width\":143,\"height\":145,\"caption\":\"Viet Futures\"},\"image\":{\"@id\":\"https:\/\/demo-viet-futures.deltalabsjsc.com\/#\/schema\/logo\/image\/\"}}]}<\/script>\n<!-- \/ Yoast SEO plugin. -->","yoast_head_json":{"title":"VietFutures | \u0110\u1ea7u T\u01b0 An To\u00e0n, L\u1ee3i Nhu\u1eadn B\u1ec1n V\u1eefng","description":"VietFutures cung c\u1ea5p d\u1ecbch v\u1ee5 giao d\u1ecbch h\u00e0ng h\u00f3a, \u0111\u00e0o t\u1ea1o t\u00e0i ch\u00ednh, t\u01b0 v\u1ea5n \u0111\u1ea7u t\u01b0 v\u00e0 Co-Funding. \u0110\u0103ng k\u00fd t\u00e0i kho\u1ea3n demo ho\u1eb7c m\u1edf t\u00e0i kho\u1ea3n th\u1eadt \u0111\u1ec3 \u0111\u1ea7u t\u01b0 ngay h\u00f4m nay!","robots":{"index":"noindex","follow":"follow","max-snippet":"max-snippet:-1","max-image-preview":"max-image-preview:large","max-video-preview":"max-video-preview:-1"},"og_locale":"en_US","og_type":"article","og_title":"VietFutures | \u0110\u1ea7u T\u01b0 An To\u00e0n, L\u1ee3i Nhu\u1eadn B\u1ec1n V\u1eefng","og_description":"VietFutures cung c\u1ea5p d\u1ecbch v\u1ee5 giao d\u1ecbch h\u00e0ng h\u00f3a, \u0111\u00e0o t\u1ea1o t\u00e0i ch\u00ednh, t\u01b0 v\u1ea5n \u0111\u1ea7u t\u01b0 v\u00e0 Co-Funding. \u0110\u0103ng k\u00fd t\u00e0i kho\u1ea3n demo ho\u1eb7c m\u1edf t\u00e0i kho\u1ea3n th\u1eadt \u0111\u1ec3 \u0111\u1ea7u t\u01b0 ngay h\u00f4m nay!","og_url":"https:\/\/demo-viet-futures.deltalabsjsc.com\/en\/contact\/","og_site_name":"Viet Futures","article_modified_time":"2025-06-19T02:47:01+00:00","og_image":[{"width":1200,"height":600,"url":"https:\/\/demo-viet-futures.deltalabsjsc.com\/wp-content\/uploads\/2025\/06\/preview-0fwh33.png","type":"image\/png"}],"twitter_card":"summary_large_image","twitter_misc":{"Est. reading time":"1 minute"},"schema":{"@context":"https:\/\/schema.org","@graph":[{"@type":"WebPage","@id":"https:\/\/demo-viet-futures.deltalabsjsc.com\/lien-he\/","url":"https:\/\/demo-viet-futures.deltalabsjsc.com\/lien-he\/","name":"VietFutures | \u0110\u1ea7u T\u01b0 An To\u00e0n, L\u1ee3i Nhu\u1eadn B\u1ec1n V\u1eefng","isPartOf":{"@id":"https:\/\/demo-viet-futures.deltalabsjsc.com\/#website"},"primaryImageOfPage":{"@id":"https:\/\/demo-viet-futures.deltalabsjsc.com\/lien-he\/#primaryimage"},"image":{"@id":"https:\/\/demo-viet-futures.deltalabsjsc.com\/lien-he\/#primaryimage"},"thumbnailUrl":"https:\/\/demo-viet-futures.deltalabsjsc.com\/wp-content\/uploads\/2025\/06\/preview-0fwh33.png","datePublished":"2025-06-12T07:46:38+00:00","dateModified":"2025-06-19T02:47:01+00:00","description":"VietFutures cung c\u1ea5p d\u1ecbch v\u1ee5 giao d\u1ecbch h\u00e0ng h\u00f3a, \u0111\u00e0o t\u1ea1o t\u00e0i ch\u00ednh, t\u01b0 v\u1ea5n \u0111\u1ea7u t\u01b0 v\u00e0 Co-Funding. \u0110\u0103ng k\u00fd t\u00e0i kho\u1ea3n demo ho\u1eb7c m\u1edf t\u00e0i kho\u1ea3n th\u1eadt \u0111\u1ec3 \u0111\u1ea7u t\u01b0 ngay h\u00f4m nay!","breadcrumb":{"@id":"https:\/\/demo-viet-futures.deltalabsjsc.com\/lien-he\/#breadcrumb"},"inLanguage":"en-US","potentialAction":[{"@type":"ReadAction","target":["https:\/\/demo-viet-futures.deltalabsjsc.com\/lien-he\/"]}]},{"@type":"ImageObject","inLanguage":"en-US","@id":"https:\/\/demo-viet-futures.deltalabsjsc.com\/lien-he\/#primaryimage","url":"https:\/\/demo-viet-futures.deltalabsjsc.com\/wp-content\/uploads\/2025\/06\/preview-0fwh33.png","contentUrl":"https:\/\/demo-viet-futures.deltalabsjsc.com\/wp-content\/uploads\/2025\/06\/preview-0fwh33.png","width":1200,"height":600},{"@type":"BreadcrumbList","@id":"https:\/\/demo-viet-futures.deltalabsjsc.com\/lien-he\/#breadcrumb","itemListElement":[{"@type":"ListItem","position":1,"name":"Trang ch\u1ee7","item":"https:\/\/demo-viet-futures.deltalabsjsc.com\/"},{"@type":"ListItem","position":2,"name":"Li\u00ean H\u1ec7"}]},{"@type":"WebSite","@id":"https:\/\/demo-viet-futures.deltalabsjsc.com\/#website","url":"https:\/\/demo-viet-futures.deltalabsjsc.com\/","name":"Viet Futures","description":"","publisher":{"@id":"https:\/\/demo-viet-futures.deltalabsjsc.com\/#organization"},"potentialAction":[{"@type":"SearchAction","target":{"@type":"EntryPoint","urlTemplate":"https:\/\/demo-viet-futures.deltalabsjsc.com\/?s={search_term_string}"},"query-input":{"@type":"PropertyValueSpecification","valueRequired":true,"valueName":"search_term_string"}}],"inLanguage":"en-US"},{"@type":"Organization","@id":"https:\/\/demo-viet-futures.deltalabsjsc.com\/#organization","name":"Viet Futures","url":"https:\/\/demo-viet-futures.deltalabsjsc.com\/","logo":{"@type":"ImageObject","inLanguage":"en-US","@id":"https:\/\/demo-viet-futures.deltalabsjsc.com\/#\/schema\/logo\/image\/","url":"https:\/\/demo-viet-futures.deltalabsjsc.com\/wp-content\/uploads\/2025\/06\/logo-lappdv.png","contentUrl":"https:\/\/demo-viet-futures.deltalabsjsc.com\/wp-content\/uploads\/2025\/06\/logo-lappdv.png","width":143,"height":145,"caption":"Viet Futures"},"image":{"@id":"https:\/\/demo-viet-futures.deltalabsjsc.com\/#\/schema\/logo\/image\/"}}]}},"_links":{"self":[{"href":"https:\/\/demo-viet-futures.deltalabsjsc.com\/en\/wp-json\/wp\/v2\/pages\/126","targetHints":{"allow":["GET"]}}],"collection":[{"href":"https:\/\/demo-viet-futures.deltalabsjsc.com\/en\/wp-json\/wp\/v2\/pages"}],"about":[{"href":"https:\/\/demo-viet-futures.deltalabsjsc.com\/en\/wp-json\/wp\/v2\/types\/page"}],"author":[{"embeddable":true,"href":"https:\/\/demo-viet-futures.deltalabsjsc.com\/en\/wp-json\/wp\/v2\/users\/2"}],"replies":[{"embeddable":true,"href":"https:\/\/demo-viet-futures.deltalabsjsc.com\/en\/wp-json\/wp\/v2\/comments?post=126"}],"version-history":[{"count":0,"href":"https:\/\/demo-viet-futures.deltalabsjsc.com\/en\/wp-json\/wp\/v2\/pages\/126\/revisions"}],"wp:featuredmedia":[{"embeddable":true,"href":"https:\/\/demo-viet-futures.deltalabsjsc.com\/en\/wp-json\/wp\/v2\/media\/192"}],"wp:attachment":[{"href":"https:\/\/demo-viet-futures.deltalabsjsc.com\/en\/wp-json\/wp\/v2\/media?parent=126"}],"curies":[{"name":"wp","href":"https:\/\/api.w.org\/{rel}","templated":true}]}}